{"id":112,"date":"2017-06-05T13:38:35","date_gmt":"2017-06-05T11:38:35","guid":{"rendered":"http:\/\/journaliste-lyon.fr\/?page_id=112"},"modified":"2024-03-18T14:57:31","modified_gmt":"2024-03-18T13:57:31","slug":"interventions","status":"publish","type":"page","link":"https:\/\/journaliste-lyon.fr\/index.php\/interventions\/","title":{"rendered":"Interventions &#8211; \u00e9ducation aux m\u00e9dias"},"content":{"rendered":"<p>Entre 2013 et 2015, j&#8217;ai enseign\u00e9 le fran\u00e7ais et la culture g\u00e9n\u00e9rale et expression (CGE) en tant que professeur vacataire et contractuel pour l&#8217;Education nationale, de la 6\u00e8me au BTS. J&#8217;ai \u00e9galement dispens\u00e9 des cours particuliers en fran\u00e7ais pour ces niveaux\u00a0d\u00e8s 2012.<\/p>\n<p>J&#8217;ai toujours \u00e9tabli un parall\u00e8le t\u00e9nu entre le<strong> journalisme<\/strong> et l&#8217;<strong>enseignement<\/strong> : quand l&#8217;un permet de mieux appr\u00e9hender notre soci\u00e9t\u00e9 et son environnement, l&#8217;autre permet l&#8217;apprentissage et la transmission des savoirs et vise l&#8217;\u00e9panouissement de chacun.\u00a0Tous deux ont pour objectif de forger la citoyennet\u00e9, pour vivre au sein d&#8217;une d\u00e9mocratie libre et \u00e9clair\u00e9e.<\/p>\n<figure id=\"attachment_317\" aria-describedby=\"caption-attachment-317\" style=\"width: 780px\" class=\"wp-caption aligncenter\"><a href=\"http:\/\/journaliste-lyon.fr\/index.php\/interventions\/img_1447\/\" rel=\"attachment wp-att-317\"><img loading=\"lazy\" decoding=\"async\" class=\"wp-image-317 size-large\" src=\"http:\/\/journaliste-lyon.fr\/wp-content\/uploads\/2018\/03\/IMG_1447-1024x768.jpg\" alt=\"Conf\u00e9rence de r\u00e9daction au Secteur Jeunesse de Sailly-sur-la-Lys (Pas-de-Calais)\" width=\"780\" height=\"585\" srcset=\"https:\/\/journaliste-lyon.fr\/wp-content\/uploads\/2018\/03\/IMG_1447-1024x768.jpg 1024w, https:\/\/journaliste-lyon.fr\/wp-content\/uploads\/2018\/03\/IMG_1447-300x225.jpg 300w, https:\/\/journaliste-lyon.fr\/wp-content\/uploads\/2018\/03\/IMG_1447-768x576.jpg 768w\" sizes=\"(max-width: 780px) 100vw, 780px\" \/><\/a><figcaption id=\"caption-attachment-317\" class=\"wp-caption-text\">Conf\u00e9rence de r\u00e9daction au Secteur Jeunesse de Sailly-sur-la-Lys (Pas-de-Calais) en vue de cr\u00e9er un journal.<\/figcaption><\/figure>\n<p>De l\u00e0, des programmes personnalis\u00e9s d&#8217;<strong>\u00e9ducation aux m\u00e9dias et \u00e0 l&#8217;information (EMI)\u00a0<\/strong>peuvent vous \u00eatre propos\u00e9s, sur une ou plusieurs interventions. En collaboration avec le <a href=\"https:\/\/leporteplumes.com\">Porte-Plumes<\/a>, j&#8217;ai ainsi pu animer le &#8220;club presse&#8221; du coll\u00e8ge Cl\u00e9ment Marot (Lyon 4e), durant le temps p\u00e9riscolaire : interventions en classe enti\u00e8re, accompagnement et aide \u00e0 la r\u00e9alisation du journal du coll\u00e8ge.<\/p>\n<p>J&#8217;accompagne \u00e9galement le centre social de Saint-Priest (69) durant les vacances scolaires depuis octobre 2017. Techniques de l&#8217;\u00e9criture journalistique, interviews, reportages, journal et alimentation d&#8217;un blog ponctuent ces interventions.<\/p>\n<p>Le <strong><em>media training<\/em><\/strong>\u00a0 est aussi possible, \u00e0 l&#8217;instar de celui r\u00e9alis\u00e9 pour la Pr\u00e9fecture de l&#8217;Ain \u00e0 Bourg-en-Bresse en 2012, dans l&#8217;optique de reproduire une situation d&#8217;urgence tout en confrontant le personnel aux m\u00e9dias.<\/p>\n<p>L&#8217;ECORIS (\u00e9cole de commerce et de gestion) de Lyon m&#8217;a \u00e9galement fait confiance en 2016 et en 2017 pour une intervention aupr\u00e8s d&#8217;\u00e9tudiants en marketing, sur le th\u00e8me des relations presse\/relations publiques. J&#8217;ai enseign\u00e9 \u00e0 l&#8217;\u00e9cole Sup de Com de 2019 \u00e0 2023 (techniques d&#8217;\u00e9criture journalistique et Esprit Critique).<\/p>\n<p>De novembre 2017 \u00e0 mars 2018, j&#8217;ai pu r\u00e9aliser en grandeur nature <span style=\"text-decoration: underline;\"><a href=\"http:\/\/journaliste-lyon.fr\/index.php\/residence-sur-le-territoire-flandre-lys\/\">une mission d&#8217;\u00e9ducation aux m\u00e9dias et \u00e0 l&#8217;information dans les d\u00e9partements du Nord et du Pas-de-Calais<\/a><\/span>. Mon champ d&#8217;intervention \u00e9tait large, concernant aussi bien les \u00e9coles, coll\u00e8ges, centres sociaux, EHPAD, biblioth\u00e8ques ou encore agents territoriaux et municipalit\u00e9s. Vous pouvez parcourir la page d\u00e9di\u00e9e \u00e0 cette r\u00e9sidence mission.<\/p>\n<p>En 2020, j&#8217;ai effectu\u00e9 une <a href=\"http:\/\/journaliste-lyon.fr\/index.php\/residence-sur-le-territoire-flandre-lys\/education-aux-medias-et-a-linformation\/\" target=\"_blank\" rel=\"noopener\"><span style=\"text-decoration: underline;\">nouvelle r\u00e9sidence, dans la Communaut\u00e9 d&#8217;Agglom\u00e9ration de Maubeuge\/Val de Sambre<\/span><\/a>.<\/p>\n<p>Parmi les autres projets d&#8217;EMI, j&#8217;ai anim\u00e9 pour Radio B un atelier radio au Centre p\u00e9nitentiaire de Bourg-en-Bresse (Ain), ce qui a abouti \u00e0 la diffusion de deux \u00e9missions en f\u00e9vrier 2022 :<\/p>\n<ul>\n<li><span style=\"text-decoration: underline;\"><a href=\"https:\/\/www.radio-b.fr\/podcast-18525\" target=\"_blank\" rel=\"noopener\">P\u00e2tisserie et rugby : l&#8217;\u00e9mission des d\u00e9tenus du centre p\u00e9nitentiaire\u00a0<\/a><\/span><\/li>\n<li><a href=\"https:\/\/www.radio-b.fr\/podcast-18549\" target=\"_blank\" rel=\"noopener\"><span style=\"text-decoration: underline;\">Gaspillage alimentaire, pollution et transition : l&#8217;\u00e9mission des d\u00e9tenus du centre p\u00e9nitentiaire\u00a0<\/span><\/a><\/li>\n<\/ul>\n<p>De f\u00e9vrier \u00e0 mai 2022, c&#8217;est au sein de la Communaut\u00e9 de communes <a href=\"https:\/\/www.entre-bievreetrhone.fr\" target=\"_blank\" rel=\"noopener\"><span style=\"text-decoration: underline;\">Entre Bi\u00e8vre et Rh\u00f4ne<\/span><\/a> (Is\u00e8re) que j&#8217;ai pu proposer des ateliers d&#8217;EMI avec l&#8217;illustratrice <a href=\"https:\/\/www.instagram.com\/tiphainedecointet\/?hl=fr\" target=\"_blank\" rel=\"noopener\">Tiphaine de Cointet<\/a>, \u00e0 destination des jeunes et des s\u00e9niors. Au programme : interviews, reportages, BD et podcast. \u00a0<a href=\"https:\/\/leblog-lmcamp.reseau-ecume.fr\/category\/edition-1\/\" target=\"_blank\" rel=\"noopener\"><span style=\"text-decoration: underline;\">Un blog qui rassemble ces contenus a \u00e9t\u00e9 cr\u00e9\u00e9 pour l&#8217;occasion<\/span><\/a>.<\/p>\n<p>Depuis, j&#8217;ai par ailleurs effectu\u00e9 d&#8217;autres r\u00e9sidences, en Haute-Marne et en Haute-Loire.<\/p>\n<p>N&#8217;h\u00e9sitez pas \u00e0 me <a href=\"http:\/\/journaliste-lyon.fr\/index.php\/contact\/\">contacter\u00a0 via le formulaire<\/a>.<br \/>\nOu par t\u00e9l\u00e9phone :\u00a007 68 46 51 98.<\/p>\n","protected":false},"excerpt":{"rendered":"<p>Entre 2013 et 2015, j&#8217;ai enseign\u00e9 le fran\u00e7ais et la culture g\u00e9n\u00e9rale et expression (CGE) en tant que professeur vacataire et contractuel pour l&#8217;Education nationale, de la 6\u00e8me au BTS. J&#8217;ai \u00e9galement dispens\u00e9 des cours particuliers en fran\u00e7ais pour ces niveaux\u00a0d\u00e8s 2012. J&#8217;ai toujours \u00e9tabli un parall\u00e8le t\u00e9nu entre le journalisme et l&#8217;enseignement : quand [&hellip;]<\/p>\n","protected":false},"author":1,"featured_media":0,"parent":0,"menu_order":0,"comment_status":"closed","ping_status":"closed","template":"","meta":{"_mi_skip_tracking":false,"_themeisle_gutenberg_block_has_review":false,"footnotes":""},"_links":{"self":[{"href":"https:\/\/journaliste-lyon.fr\/index.php\/wp-json\/wp\/v2\/pages\/112"}],"collection":[{"href":"https:\/\/journaliste-lyon.fr\/index.php\/wp-json\/wp\/v2\/pages"}],"about":[{"href":"https:\/\/journaliste-lyon.fr\/index.php\/wp-json\/wp\/v2\/types\/page"}],"author":[{"embeddable":true,"href":"https:\/\/journaliste-lyon.fr\/index.php\/wp-json\/wp\/v2\/users\/1"}],"replies":[{"embeddable":true,"href":"https:\/\/journaliste-lyon.fr\/index.php\/wp-json\/wp\/v2\/comments?post=112"}],"version-history":[{"count":20,"href":"https:\/\/journaliste-lyon.fr\/index.php\/wp-json\/wp\/v2\/pages\/112\/revisions"}],"predecessor-version":[{"id":784,"href":"https:\/\/journaliste-lyon.fr\/index.php\/wp-json\/wp\/v2\/pages\/112\/revisions\/784"}],"wp:attachment":[{"href":"https:\/\/journaliste-lyon.fr\/index.php\/wp-json\/wp\/v2\/media?parent=112"}],"curies":[{"name":"wp","href":"https:\/\/api.w.org\/{rel}","templated":true}]}}